{"id":915,"date":"2018-08-31T14:22:36","date_gmt":"2018-08-31T17:22:36","guid":{"rendered":"https:\/\/isp19-sfe.infd.edu.ar\/sitio\/tec-en-seg-e-hig-ap-2019\/"},"modified":"2022-01-31T17:47:10","modified_gmt":"2022-01-31T20:47:10","slug":"tec-higiene","status":"publish","type":"page","link":"https:\/\/isp19-sfe.infd.edu.ar\/sitio\/tec-higiene\/","title":{"rendered":"T\u00e9c. Superior en Higiene y Seguridad en el Trabajo"},"content":{"rendered":"<h3>Plan de estudios 3012\/2002<\/h3>\n<table style=\"border: 1px solid;\" border=\"1\" width=\"100%\" align=\"center\">\n<tbody>\n<tr bgcolor=\"#2d5578\" span style=\"color: #ffffff;\">\n<td style=\"text-align: center;\">PRIMER A\u00d1O<\/td>\n<td style=\"text-align: center;\">SEGUNDO A\u00d1O<\/td>\n<td style=\"text-align: center;\">TERCER A\u00d1O<\/td>\n<\/tr>\n<tr align=\"center\" valign=\"middle\">\n<td>\n<p align=\"center\">F\u00edsica I<\/p>\n<\/td>\n<td>\n<p align=\"center\">F\u00edsica II<\/p>\n<\/td>\n<td>\n<p align=\"center\">Legislaci\u00f3n Laboral<\/p>\n<\/td>\n<\/tr>\n<tr align=\"center\" valign=\"middle\">\n<td>\n<p align=\"center\">Qu\u00edmica I<\/p>\n<\/td>\n<td>\n<p align=\"center\">Qu\u00edmica II<\/p>\n<\/td>\n<td>\n<p align=\"center\">Saneamiento Ambiental<\/p>\n<\/td>\n<\/tr>\n<tr align=\"center\" valign=\"middle\">\n<td>\n<p align=\"center\">Dibujo T\u00e9cnico<\/p>\n<\/td>\n<td>\n<p align=\"center\">Tecnolog\u00eda de los Materiales<\/p>\n<\/td>\n<td>\n<p align=\"center\">Psicolog\u00eda Laboral<\/p>\n<\/td>\n<\/tr>\n<tr align=\"center\" valign=\"middle\">\n<td>\n<p align=\"center\">Algebra<\/p>\n<\/td>\n<td>\n<p align=\"center\">An\u00e1lisis Matem\u00e1tico<\/p>\n<\/td>\n<td>\n<p align=\"center\">Selecci\u00f3n y Capacitaci\u00f3n en Personal<\/p>\n<\/td>\n<\/tr>\n<tr align=\"center\" valign=\"middle\">\n<td>\n<p align=\"center\">Organizaci\u00f3n Laboral<\/p>\n<\/td>\n<td>\n<p align=\"center\">Formaci\u00f3n Nacional<\/p>\n<\/td>\n<td>\n<p align=\"center\">Etica Profesional<\/p>\n<\/td>\n<\/tr>\n<tr align=\"center\" valign=\"middle\">\n<td>\n<p align=\"center\">Seguridad I<\/p>\n<\/td>\n<td>\n<p align=\"center\">Seguridad II<\/p>\n<\/td>\n<td>\n<p align=\"center\">Seguridad III<\/p>\n<\/td>\n<\/tr>\n<tr align=\"center\" valign=\"middle\">\n<td>\n<p align=\"center\">Incendio I<\/p>\n<\/td>\n<td>\n<p align=\"center\">Incendio II<\/p>\n<\/td>\n<td>\n<p align=\"center\">Pr\u00e1ctica Profesional<\/p>\n<\/td>\n<\/tr>\n<tr align=\"center\" valign=\"middle\">\n<td>\n<p align=\"center\">Higiene I<\/p>\n<\/td>\n<td>\n<p align=\"center\">Higiene II<\/p>\n<\/td>\n<td>\n<p align=\"center\">Higiene III<\/p>\n<\/td>\n<\/tr>\n<tr>\n<td>\n<p align=\"center\">Computaci\u00f3n I<\/p>\n<\/td>\n<td>\n<p align=\"center\">Computaci\u00f3n II<\/p>\n<\/td>\n<td>\n<p align=\"center\">Computaci\u00f3n Aplicada<\/p>\n<\/td>\n<\/tr>\n<tr>\n<td>\n<p align=\"center\">Ingl\u00e9s I<\/p>\n<\/td>\n<td>\n<p align=\"center\">Ingl\u00e9s II<\/p>\n<\/td>\n<td>\n<p align=\"center\">Ingl\u00e9s III<\/p>\n<\/td>\n<\/tr>\n<tr>\n<td>\n<p align=\"center\">Antropolog\u00eda Filos\u00f3fica<\/p>\n<\/td>\n<td>\n<p align=\"center\">\n<\/td>\n<td>\n<p align=\"center\">\n<\/td>\n<\/tr>\n<\/tbody>\n<\/table>\n<h3>Perfil del egresado:<\/h3>\n<p>El egresado de la carrera de T\u00e9cnico Superior en Higiene y Seguridad en el Trabajo estar\u00e1 capacitado para:<\/p>\n<ul>\n<li>\n<div>Prevenir los accidentes de trabajo.<\/div>\n<\/li>\n<li>\n<div>Eliminar condiciones y acciones inseguras en el medio laboral.<\/div>\n<\/li>\n<li>\n<div>Ser ayudante del ingeniero especializado en Higiene y Seguridad del Trabajo para el cumplimiento de sus fines espec\u00edficos.<\/div>\n<\/li>\n<li>\n<div>Concientizar sobre las leyes y reglamentaciones vigentes.<\/div>\n<\/li>\n<li>\n<div>Controlar trabajos en fr\u00edo y caliente en el medio laboral.<\/div>\n<\/li>\n<li>\n<div>Determinar a trav\u00e9s de lo indicado en la Ley el cubrimiento preventivo de riesgos de incendio.<\/div>\n<\/li>\n<li>\n<div>Controlar el cumplimiento de los planes de mejoramiento indicados por las Aseguradoras de Riesgos del Trabajo.<\/div>\n<\/li>\n<li>\n<div>Realizar el relevamiento de las condiciones de higiene y seguridad en el trabajo.<\/div>\n<\/li>\n<li>\n<div>Identificar riesgos en el trabajo.<\/div>\n<\/li>\n<li>\n<div>En general, participar de grupos interdisciplinarios en los aspectos inherentes a lo establecido por la Ley N\u00b019587, su Decreto Reglamentario N\u00b0351\/79, sus actualizaciones y toda otra normativa espec\u00edfica que pudiere sancionarse.<\/div>\n<\/li>\n<\/ul>\n<h3>Objetivo de la carrera:<\/h3>\n<p>Es objetivo general de la carrera de T\u00e9cnico Superior en Higiene y Seguridad en el Trabajo formar profesionales capacitados para comprender la problem\u00e1tica de la actividad laboral en su conjunto y actuar en pro de optimizar el \u00e1mbito de trabajo y prevenir los accidentes propios de los riesgos emergentes de cada caso en particular, a trav\u00e9s de una ense\u00f1anza din\u00e1mica, actualizada y comprometida con la realidad.<\/p>\n","protected":false},"excerpt":{"rendered":"<p>Plan de estudios 3012\/2002 PRIMER A\u00d1O SEGUNDO A\u00d1O TERCER A\u00d1O F\u00edsica I F\u00edsica II Legislaci\u00f3n Laboral Qu\u00edmica I Qu\u00edmica II Saneamiento Ambiental Dibujo T\u00e9cnico Tecnolog\u00eda de los Materiales Psicolog\u00eda Laboral Algebra An\u00e1lisis Matem\u00e1tico Selecci\u00f3n y Capacitaci\u00f3n en Personal Organizaci\u00f3n Laboral Formaci\u00f3n Nacional Etica Profesional Seguridad I Seguridad II Seguridad III Incendio I Incendio II Pr\u00e1ctica &#8230; <a title=\"T\u00e9c. Superior en Higiene y Seguridad en el Trabajo\" class=\"read-more\" href=\"https:\/\/isp19-sfe.infd.edu.ar\/sitio\/tec-higiene\/\" aria-label=\"More on T\u00e9c. Superior en Higiene y Seguridad en el Trabajo\">[+]<\/a><\/p>\n","protected":false},"author":77,"featured_media":0,"parent":0,"menu_order":0,"comment_status":"closed","ping_status":"closed","template":"","meta":[],"acf":[],"_links":{"self":[{"href":"https:\/\/isp19-sfe.infd.edu.ar\/sitio\/wp-json\/wp\/v2\/pages\/915"}],"collection":[{"href":"https:\/\/isp19-sfe.infd.edu.ar\/sitio\/wp-json\/wp\/v2\/pages"}],"about":[{"href":"https:\/\/isp19-sfe.infd.edu.ar\/sitio\/wp-json\/wp\/v2\/types\/page"}],"author":[{"embeddable":true,"href":"https:\/\/isp19-sfe.infd.edu.ar\/sitio\/wp-json\/wp\/v2\/users\/77"}],"replies":[{"embeddable":true,"href":"https:\/\/isp19-sfe.infd.edu.ar\/sitio\/wp-json\/wp\/v2\/comments?post=915"}],"version-history":[{"count":8,"href":"https:\/\/isp19-sfe.infd.edu.ar\/sitio\/wp-json\/wp\/v2\/pages\/915\/revisions"}],"predecessor-version":[{"id":1744,"href":"https:\/\/isp19-sfe.infd.edu.ar\/sitio\/wp-json\/wp\/v2\/pages\/915\/revisions\/1744"}],"wp:attachment":[{"href":"https:\/\/isp19-sfe.infd.edu.ar\/sitio\/wp-json\/wp\/v2\/media?parent=915"}],"curies":[{"name":"wp","href":"https:\/\/api.w.org\/{rel}","templated":true}]}}