{"id":913,"date":"2018-08-31T14:22:35","date_gmt":"2018-08-31T17:22:35","guid":{"rendered":"https:\/\/isp19-sfe.infd.edu.ar\/sitio\/tec-sup-agronegocios-ap-2018\/"},"modified":"2022-01-31T17:46:27","modified_gmt":"2022-01-31T20:46:27","slug":"tec-agronegocios","status":"publish","type":"page","link":"https:\/\/isp19-sfe.infd.edu.ar\/sitio\/tec-agronegocios\/","title":{"rendered":"T\u00e9c. Superior en Agronegocios"},"content":{"rendered":"<h3>Plan de estudio 352\/2005<\/h3>\n<table style=\"border: 1px solid;\" border=\"1\" width=\"100%\" align=\"center\">\n<tbody>\n<tr bgcolor=\"#2d5578\" span style=\"color: #ffffff;\">\n<td style=\"text-align: center;\">PRIMER A\u00d1O<\/span><\/td>\n<td style=\"text-align: center;\">SEGUNDO A\u00d1O<\/span><\/td>\n<td style=\"text-align: center;\">TERCER A\u00d1O<\/span><\/td>\n<\/tr>\n<tr align=\"center\" valign=\"middle\">\n<td>\n<p align=\"center\">An\u00e1lisis Matem\u00e1tico<\/p>\n<\/td>\n<td>\n<p align=\"center\">Probabilidad y Estad\u00edstica<\/p>\n<\/td>\n<td>\n<p align=\"center\">Cooperativismo<\/p>\n<\/td>\n<\/tr>\n<tr align=\"center\" valign=\"middle\">\n<td>\n<p align=\"center\">Administraci\u00f3n General<\/p>\n<\/td>\n<td>\n<p align=\"center\">Portugu\u00e9s<\/p>\n<\/td>\n<td>\n<p align=\"center\">Econom\u00eda Agropecuaria II<\/p>\n<\/td>\n<\/tr>\n<tr align=\"center\" valign=\"middle\">\n<td>\n<p align=\"center\">Ingl\u00e9s<\/p>\n<\/td>\n<td>\n<p align=\"center\">Intriducci\u00f3n al Marketing<\/p>\n<\/td>\n<td>\n<p align=\"center\">Direcci\u00f3n de Empresas Agropecuarias<\/p>\n<\/td>\n<\/tr>\n<tr align=\"center\" valign=\"middle\">\n<td>\n<p align=\"center\">Producci\u00f3n Agropecuaria I<\/p>\n<\/td>\n<td>\n<p align=\"center\">Econom\u00eda Agropecuaria I<\/p>\n<\/td>\n<td>\n<p align=\"center\">Comercializaci\u00f3n Agropecuaria II<\/p>\n<\/td>\n<\/tr>\n<tr align=\"center\" valign=\"middle\">\n<td>\n<p align=\"center\">Legislaci\u00f3n y Pol\u00edtica Agropecuaria<\/p>\n<\/td>\n<td>\n<p align=\"center\">Producci\u00f3n Agorpecuaria II<\/p>\n<\/td>\n<td>\n<p align=\"center\">Etica Profesional<\/p>\n<\/td>\n<\/tr>\n<tr align=\"center\" valign=\"middle\">\n<td>\n<p align=\"center\">Filosof\u00eda (1er.Cuat.)<\/p>\n<\/td>\n<td>\n<p align=\"center\">Comercializaci\u00f3n Agripecuaria I<\/p>\n<\/td>\n<td>\n<p align=\"center\">Pr\u00e1ctica Profesional<\/p>\n<\/td>\n<\/tr>\n<tr align=\"center\" valign=\"middle\">\n<td>\n<p align=\"center\">Sociolog\u00eda (2do.Cuat.)<\/p>\n<\/td>\n<td><\/td>\n<td><\/td>\n<\/tr>\n<\/tbody>\n<\/table>\n<h3>Perfil del egresado:<\/h3>\n<p>El T\u00e9cnico poseer\u00e1 conocimientos, m\u00e9todos y actitudes para:<\/p>\n<ul>\n<li>\n<div>Identificar oportunidades comercialmente viables, mediante un an\u00e1lisis sistem\u00e1tico.<br \/>\nAnalizar patrones estructurales y funcionales de los mercados, para generar estrategias acordes a la tendencia, que contribuyan al agregado de valor a los productos regionales.<\/div>\n<\/li>\n<li>\n<div>Trabajar en equipos interdisciplinarios, con agr\u00f3nomos, contadores y comerciantes e interactuar con instituciones privadas y p\u00fablicas, para resolver la log\u00edstica involucrada a la promoci\u00f3n y colocaci\u00f3n de los productos.<\/div>\n<\/li>\n<li>\n<div>Conducir procesos de comercializaci\u00f3n de agroalimentos regionales, nacionales e internacionales.<\/div>\n<\/li>\n<li>\n<div>Asesorar sobre aplicaciones de calidad, higiene e inocuidad en los procesos de producci\u00f3n.<\/div>\n<\/li>\n<li>\n<div>Asesorar sobre prevenci\u00f3n de riesgos sobre la producci\u00f3n, mediante el Seguro Agr\u00edcola.<\/div>\n<\/li>\n<li>\n<div>Ser comprensivo y solidario frente a otras personas que no conozcan las metodolog\u00edas o t\u00e9cnicas que domina.<\/div>\n<\/li>\n<li>\n<div>Tener un desempe\u00f1o \u00e9tico en las relaciones y negocios vinculados con su actividad.<\/div>\n<\/li>\n<li>\n<div>Dirigir y representar en forma efectiva los intereses del sector, dentro del marco legal vigente.<\/div>\n<\/li>\n<li>\n<div>Promover el cuidado del Medio Ambiente.<\/div>\n<\/li>\n<li>\n<div>Concientizar sobre la validez y aptitud del Cooperativismo como forma asociativa \u00f3ptima.<\/div>\n<\/li>\n<\/ul>\n<h3 class=\"Resaltado2\">Objetivos de la carrera<span style=\"font-family: tahoma,arial,helvetica,sans-serif; font-size: 10pt;\"><br \/>\n<\/span><\/h3>\n<ul>\n<li>\n<div>Favorecer el desarrollo regional, mediante la generaci\u00f3n de negocios en nuevos mercados.<\/div>\n<\/li>\n<li>\n<div>Frenar el \u00e9xodo rural, incrementando los beneficios que percibe el productor con su actividad y por el surgimiento de microemprendimientos que agreguen valor a sus productos.<\/div>\n<\/li>\n<li>\n<div>Mejorar la distribuci\u00f3n de riqueza a trav\u00e9s de formas asociativas \u00f3ptimas en la cadena o sistema alimentario, presentando al Cooperativismo como un modelo v\u00e1lido.<\/div>\n<\/li>\n<li>\n<div>Difundir el Cooperativismo como sistema v\u00e1lido para cubrir las necesidades de los asociados y la comunidad involucrada.<\/div>\n<\/li>\n<li>Formar profesionales id\u00f3neos para comprender y aplicar:\n<ul>\n<li>El marco legal, econ\u00f3mico y comercial del sector con alcance provincial, nacional e internacional.<\/li>\n<li>Los sistemas de producci\u00f3n de granos, carnes, leche y aseguramiento de la calidad.<\/li>\n<li>La previsi\u00f3n ante imponderables clim\u00e1ticos, mediante el Seguro Agr\u00edcola.<br \/>\nLas condiciones que garantizan inocuidad del producto, la preservaci\u00f3n y el cuidado del Medio Ambiente.<\/li>\n<li>Las operatorias de exportaci\u00f3n de agroalimentos.<\/li>\n<\/ul>\n<\/li>\n<\/ul>\n","protected":false},"excerpt":{"rendered":"<p>Plan de estudio 352\/2005 PRIMER A\u00d1O SEGUNDO A\u00d1O TERCER A\u00d1O An\u00e1lisis Matem\u00e1tico Probabilidad y Estad\u00edstica Cooperativismo Administraci\u00f3n General Portugu\u00e9s Econom\u00eda Agropecuaria II Ingl\u00e9s Intriducci\u00f3n al Marketing Direcci\u00f3n de Empresas Agropecuarias Producci\u00f3n Agropecuaria I Econom\u00eda Agropecuaria I Comercializaci\u00f3n Agropecuaria II Legislaci\u00f3n y Pol\u00edtica Agropecuaria Producci\u00f3n Agorpecuaria II Etica Profesional Filosof\u00eda (1er.Cuat.) Comercializaci\u00f3n Agripecuaria I Pr\u00e1ctica Profesional &#8230; <a title=\"T\u00e9c. Superior en Agronegocios\" class=\"read-more\" href=\"https:\/\/isp19-sfe.infd.edu.ar\/sitio\/tec-agronegocios\/\" aria-label=\"More on T\u00e9c. Superior en Agronegocios\">[+]<\/a><\/p>\n","protected":false},"author":77,"featured_media":0,"parent":0,"menu_order":0,"comment_status":"closed","ping_status":"closed","template":"","meta":[],"acf":[],"_links":{"self":[{"href":"https:\/\/isp19-sfe.infd.edu.ar\/sitio\/wp-json\/wp\/v2\/pages\/913"}],"collection":[{"href":"https:\/\/isp19-sfe.infd.edu.ar\/sitio\/wp-json\/wp\/v2\/pages"}],"about":[{"href":"https:\/\/isp19-sfe.infd.edu.ar\/sitio\/wp-json\/wp\/v2\/types\/page"}],"author":[{"embeddable":true,"href":"https:\/\/isp19-sfe.infd.edu.ar\/sitio\/wp-json\/wp\/v2\/users\/77"}],"replies":[{"embeddable":true,"href":"https:\/\/isp19-sfe.infd.edu.ar\/sitio\/wp-json\/wp\/v2\/comments?post=913"}],"version-history":[{"count":10,"href":"https:\/\/isp19-sfe.infd.edu.ar\/sitio\/wp-json\/wp\/v2\/pages\/913\/revisions"}],"predecessor-version":[{"id":1742,"href":"https:\/\/isp19-sfe.infd.edu.ar\/sitio\/wp-json\/wp\/v2\/pages\/913\/revisions\/1742"}],"wp:attachment":[{"href":"https:\/\/isp19-sfe.infd.edu.ar\/sitio\/wp-json\/wp\/v2\/media?parent=913"}],"curies":[{"name":"wp","href":"https:\/\/api.w.org\/{rel}","templated":true}]}}