{"id":286,"date":"2016-10-31T13:17:59","date_gmt":"2016-10-31T16:17:59","guid":{"rendered":"https:\/\/isp19-sfe.infd.edu.ar\/sitio\/?page_id=286"},"modified":"2025-12-10T19:10:47","modified_gmt":"2025-12-10T22:10:47","slug":"inicio","status":"publish","type":"page","link":"https:\/\/isp19-sfe.infd.edu.ar\/sitio\/","title":{"rendered":"Inicio"},"content":{"rendered":"<h1 style=\"text-align: center;\"><span style=\"color: #0c220f;\"><strong>Instituto Superior de Profesorado N\u00ba19<br \/>\u00abRaquel Cane\u00bb<\/strong><\/span><\/h1>\n<h2><span style=\"color: #2d5578;\">Consulte las novedades en el<span style=\"color: #f74e98;\"> <a style=\"color: #f74e98;\" href=\"https:\/\/isp19-sfe.infd.edu.ar\/sitio\/blog\/\">Blog<\/a><\/span><\/span><\/h2>\n<p><span style=\"color: #0c220f;\"><img decoding=\"async\" loading=\"lazy\" class=\"size-full wp-image-1901 alignleft\" src=\"https:\/\/isp19-sfe.infd.edu.ar\/sitio\/wp-content\/uploads\/2022\/11\/Esquina-con-logo-nuevo.png\" alt=\"\" width=\"400\" height=\"300\" \/>Este Instituto Superior de Formaci\u00f3n Docente forma parte del sistema de educaci\u00f3n p\u00fablica de gesti\u00f3n estatal.<\/span> <span style=\"color: #0c220f;\">A trav\u00e9s de este sitio en Internet, nuestro Instituto podr\u00e1 comunicar novedades, acercar informaci\u00f3n, compartir experiencias y brindar apoyo y asesoramiento a\u00a0alumnos, docentes e interesados en formar parte de esta comunidad educativa.<\/span><\/p>\n<h2><span style=\"color: #2d5578;\">Datos de inter\u00e9s<\/span><\/h2>\n<h4><span style=\"color: #2d5578;\">Contacto<\/span><\/h4>\n<p><img decoding=\"async\" loading=\"lazy\" class=\"size-full wp-image-1205 alignleft\" src=\"https:\/\/isp19-sfe.infd.edu.ar\/sitio\/wp-content\/uploads\/2020\/03\/Contacto.jpg\" alt=\"\" width=\"150\" height=\"150\" \/> <span style=\"font-family: verdana, geneva; font-size: small; color: #0c220f;\"><strong>Personalmente:<\/strong> En Chacabuco 315, entre San Juan y Av. Presidente Per\u00f3n, Rufino, en el horario de 19 a 22 hs.<\/span><\/p>\n<p><span style=\"font-family: verdana, geneva; font-size: small; color: #0c220f;\"><strong>Tel\u00e9fono:<\/strong> 03382-420410<\/span><\/p>\n<p><span style=\"font-family: verdana, geneva; font-size: small; color: #0c220f;\"><strong>e-mail:<\/strong> isp19.comunidad@gmail.com<\/span><\/p>\n<p><strong><span style=\"font-family: verdana, geneva; font-size: small;\"><span style=\"color: #0c220f;\">Formularios de contacto e inscripci\u00f3n<\/span>: <a href=\"https:\/\/isp19-sfe.infd.edu.ar\/sitio\/contacto\/\" target=\"_blank\" rel=\"noopener\">Formularios<\/a><\/span><\/strong><\/p>\n<h3>\u00a0<\/h3>\n<h4><span style=\"color: #2d5578;\">Horario de clases<\/span><\/h4>\n<p><span style=\"font-family: verdana, geneva; font-size: small; color: #0c220f;\">Lunes a Viernes de 18:30 a 23:10 hs.<\/span><\/p>\n<h4><span style=\"color: #2d5578;\">Requisitos para el ingreso<\/span><\/h4>\n<ul>\n<li>\n<div><span style=\"font-family: verdana, geneva; font-size: small; color: #0c220f;\">Certificado de Buena Salud PsicoF\u00edsica<\/span><\/div>\n<\/li>\n<li>\n<div><span style=\"font-family: verdana, geneva; font-size: small; color: #0c220f;\">Dos fotos 4&#215;4<\/span><\/div>\n<\/li>\n<li>\n<div><span style=\"font-family: verdana, geneva; font-size: small; color: #0c220f;\">Fotocopias autenticadas de: DNI, Partida de Nacimiento, Certificado de estudios o constancia de certificaci\u00f3n en tr\u00e1mite.<\/span><\/div>\n<\/li>\n<\/ul>\n<h2><span style=\"color: #2d5578;\"><strong>Calendario escolar 2025<\/strong><\/span><\/h2>\n<p style=\"text-align: center;\"><img decoding=\"async\" loading=\"lazy\" class=\"alignnone size-full wp-image-1213\" src=\"https:\/\/isp19-sfe.infd.edu.ar\/sitio\/wp-content\/uploads\/2020\/03\/Calendario.jpg\" alt=\"\" width=\"150\" height=\"150\" \/><\/p>\n<p style=\"text-align: center;\">\u00a0<\/p>\n<p style=\"text-align: center;\"><span style=\"color: #2d5578;\"><strong><b style=\"color: #2d5578;\">INSCRIPCI\u00d3N A 1\u00ba <\/b><b>A\u00d1O 2025<\/b><b style=\"color: #2d5578;\"> (1\u00ba convocatoria): <\/b><\/strong><span style=\"color: #000000;\">17 al 21 de febrero.<\/span><\/span><\/p>\n<p style=\"text-align: center;\"><span style=\"color: #2d5578;\"><strong>EX\u00c1MENES FINALES 1\u00ba turno (2 llamados): <\/strong><\/span><span style=\"color: #2d5578;\"><span style=\"color: #000000;\">17 de febrero al 18 de marzo.<\/span><\/span><\/p>\n<p style=\"text-align: center;\"><span style=\"color: #003366;\"><strong><span style=\"color: #2d5578;\">MATRICULACI\u00d3N A MATERIAS DE 2\u00ba A 4\u00ba A\u00d1O:<\/span> <\/strong><\/span><span style=\"color: #000000;\">10 al 21 de marzo.<\/span><\/p>\n<p style=\"text-align: center;\"><span style=\"color: #2d5578;\"><b style=\"color: #2d5578;\"><strong>INICIO 1\u00b0 CUATRIMESTRE: <\/strong><\/b><span style=\"color: #000000;\">25 de marzo.<\/span><\/span><\/p>\n<p style=\"text-align: center;\"><span style=\"color: #2d5578;\"><b style=\"color: #2d5578;\"><strong>FIN DEL 1\u00b0 CUATRIMESTRE: <\/strong><\/b><span style=\"color: #000000;\">4 de julio.<\/span><\/span><\/p>\n<p style=\"text-align: center;\"><span style=\"color: #2d5578;\"><b style=\"color: #2d5578;\"><strong>RECESO ESCOLAR DE INVIERNO: <\/strong><\/b><span style=\"color: #000000;\">\u00a07 al 18 de julio.<\/span><\/span><\/p>\n<p style=\"text-align: center;\"><span style=\"color: #2d5578;\"><strong>EX\u00c1MENES FINALES 2\u00ba turno (1 llamado): <\/strong><\/span><span style=\"color: #2d5578;\"><span style=\"color: #000000;\">21 de julio al 1 de agosto.<\/span><\/span><\/p>\n<p style=\"text-align: center;\"><span style=\"color: #2d5578;\"><strong>INICIO 2\u00b0 CUATRIMESTRE: <\/strong><\/span><span style=\"color: #2d5578;\"><span style=\"color: #000000;\">4 de agosto.<\/span><\/span><\/p>\n<p style=\"text-align: center;\"><span style=\"color: #2d5578;\"><b style=\"color: #2d5578;\"><strong>FIN DEL 2\u00b0 CUATRIMESTRE: <\/strong><\/b><span style=\"color: #000000;\">14 de noviembre.<\/span><\/span><\/p>\n<p style=\"text-align: center;\"><span style=\"color: #2d5578;\"><b style=\"color: #2d5578;\">INSCRIPCI\u00d3N A 1\u00ba <\/b><span style=\"color: #2d5578;\"><b>A\u00d1O 2026<\/b><\/span><b style=\"color: #2d5578;\">\u00a0(1\u00ba convocatoria): <\/b><\/span><span style=\"color: #000000;\">22 de noviembre al 15 de diciembre.<\/span><\/p>\n<p style=\"text-align: center;\"><span style=\"color: #2d5578;\"><strong>EX\u00c1MENES FINALES 3\u00ba turno (2 llamados): <\/strong><\/span><span style=\"color: #2d5578;\"><span style=\"color: #000000;\">24 de noviembre al 23 de diciembre.<\/span><\/span><\/p>\n<p>&nbsp;<\/p>\n<h2><span style=\"color: #2d5578;\"><strong>Calendario escolar 2026<\/strong><\/span><\/h2>\n<p style=\"text-align: center;\"><span style=\"color: #2d5578;\"><strong>EX\u00c1MENES FINALES 1\u00ba turno (2 llamados): <\/strong><\/span><span style=\"color: #2d5578;\"><span style=\"color: #000000;\">17 de febrero al 18 de marzo.<\/span><\/span><\/p>\n<p style=\"text-align: center;\"><span style=\"color: #003366;\"><strong><span style=\"color: #2d5578;\">MATRICULACI\u00d3N A MATERIAS DE 2\u00ba A 4\u00ba A\u00d1O:<\/span> <\/strong><\/span><span style=\"color: #000000;\">9 al 20 de marzo.<\/span><\/p>\n<p style=\"text-align: center;\"><span style=\"color: #2d5578;\"><b style=\"color: #2d5578;\"><strong>INICIO 1\u00b0 CUATRIMESTRE: <\/strong><\/b><span style=\"color: #000000;\">23 de marzo.<\/span><\/span><\/p>\n<p style=\"text-align: center;\"><span style=\"color: #2d5578;\"><b style=\"color: #2d5578;\"><strong>FIN DEL 1\u00b0 CUATRIMESTRE: <\/strong><\/b><span style=\"color: #000000;\">3 de julio.<\/span><\/span><\/p>\n<p style=\"text-align: center;\"><span style=\"color: #2d5578;\"><b style=\"color: #2d5578;\"><strong>RECESO ESCOLAR DE INVIERNO: <\/strong><\/b><span style=\"color: #000000;\">\u00a06 al 17 de julio.<\/span><\/span><\/p>\n<p style=\"text-align: center;\"><span style=\"color: #2d5578;\"><strong>EX\u00c1MENES FINALES 2\u00ba turno (1 llamado): <\/strong><\/span><span style=\"color: #2d5578;\"><span style=\"color: #000000;\">20 al 31 de julio.<\/span><\/span><\/p>\n<p style=\"text-align: center;\"><span style=\"color: #2d5578;\"><strong>INICIO 2\u00b0 CUATRIMESTRE: <\/strong><\/span><span style=\"color: #2d5578;\"><span style=\"color: #000000;\">3 de agosto.<\/span><\/span><\/p>\n<p style=\"text-align: center;\"><span style=\"color: #2d5578;\"><b style=\"color: #2d5578;\"><strong>FIN DEL 2\u00b0 CUATRIMESTRE: <\/strong><\/b><span style=\"color: #000000;\">13 de noviembre.<\/span><\/span><\/p>\n<p style=\"text-align: center;\"><span style=\"color: #2d5578;\"><strong>EX\u00c1MENES FINALES 3\u00ba turno (2 llamados): <\/strong><\/span><span style=\"color: #2d5578;\"><span style=\"color: #000000;\">23 de noviembre al 23 de diciembre.<\/span><\/span><\/p>\n<p>&nbsp;<\/p>\n<p>&nbsp;<\/p>\n<h2><span style=\"color: #2d5578;\">Apertura de Carreras para 2026<\/span><\/h2>\n<p>En 2026 se abre el 1\u00b0 a\u00f1o de las siguientes carreras:<\/p>\n<ul>\n<li>T\u00e9cnico Superior en Alimentos.<\/li>\n<li>Profesor\/a de Educaci\u00f3n Primaria.<\/li>\n<li>Profesor\/a de Educaci\u00f3n Secundaria en Biolog\u00eda.<\/li>\n<li>Profesor\/a de Educaci\u00f3n Secundaria en Historia.<\/li>\n<\/ul>\n<p>Puede completar el formulario de preinscripci\u00f3n desde la p\u00e1gina:<\/p>\n<p><a href=\"https:\/\/isp19-sfe.infd.edu.ar\/sitio\/contacto\/#preinscripcion\">Formulario de preinscripci\u00f3n<\/a><\/p>\n<p>&nbsp;<\/p>\n<p>&nbsp;<\/p>\n<p>Para pases desde otro instituto de la provincia o retomar los estudios despu\u00e9s de haber abandonado la carrera, dirigirse personalmente a la secretar\u00eda del Instituto.<\/p>\n<h1 align=\"justify\"><span style=\"color: #0c220f;\">Ubicaci\u00f3n<\/span><\/h1>\n<p><iframe loading=\"lazy\" style=\"border: 0;\" tabindex=\"0\" src=\"https:\/\/www.google.com\/maps\/embed?pb=!1m18!1m12!1m3!1d13189.189600214722!2d-62.71847536629188!3d-34.26646768876913!2m3!1f0!2f0!3f0!3m2!1i1024!2i768!4f13.1!3m3!1m2!1s0x95c60f5ded13f671%3A0xf1e27053f86aeebe!2sInstituto%20Sup%20Profesorado%20N'19%20Asociacion%20Cooperadora!5e0!3m2!1ses-419!2sar!4v1602637870826!5m2!1ses-419!2sar\" width=\"600\" height=\"450\" frameborder=\"0\" allowfullscreen=\"allowfullscreen\" aria-hidden=\"false\"><\/iframe><\/p>\n<p align=\"justify\"><span style=\"color: #0c220f;\"><strong>Rufino<\/strong>, ciudad de Argentina, perteneciente al departamento de General L\u00f3pez, en el suroeste de la provincia de Santa Fe.<\/span><br \/>\n<span style=\"color: #0c220f;\">El \u00e1rea rural circundante se caracteriza por la agricultura al norte y la cr\u00eda e invernada de ganado hacia el sur. La importante producci\u00f3n ganadera que en otros tiempos supo valorarse le hab\u00eda valido para ser designada sede de la Fiesta Nacional de la Ganader\u00eda, pero hoy la agricultura ha ganado sobre la ganader\u00eda, a tal punto de haberse perdido la Fiesta Nacional de la Ganader\u00eda, un festejo emblem\u00e1tico de la ciudad de Rufino que supo tener visitas ilustres e importantes, hasta de un presidente en funci\u00f3n.<\/span><\/p>\n<p><span style=\"color: #0c220f;\">Su actividad comercial est\u00e1 orientada al comercio de granos, hacienda, semillas y productos veterinarios.<\/span><br \/>\n<span style=\"color: #0c220f;\">La industria est\u00e1 representada por frigor\u00edficos, molinos harineros y plantas de elaboraci\u00f3n de productos alimenticios (en las mejores \u00e9pocas fideos en la que ha desaparecido la fabricaci\u00f3n, y quesos que a\u00fan produce la firma Suilat), de mobiliario y metal\u00fargicas.<\/span><\/p>\n<p><span style=\"color: #0c220f;\"><strong>Rufino<\/strong> est\u00e1 en una posici\u00f3n estrat\u00e9gica, pues se halla sobre la Ruta Nacional N\u00ba 7 y la v\u00eda f\u00e9rrea BAP-San Mart\u00edn, que unen Buenos Aires y Mendoza con el paso del Cristo Redentor, continuando por territorio chileno hasta Santiago; estas rutas constituyen el principal eje de tr\u00e1nsito del Mercosur.<\/span><\/p>\n<p><span style=\"color: #0c220f;\">Su fundaci\u00f3n, en 1889, estuvo asociada a la construcci\u00f3n del ferrocarril desde Buenos Aires hasta el oc\u00e9ano Pac\u00edfico. Poblaci\u00f3n (1991), 17.540 habitantes.<\/span><\/p>\n<p><span style=\"color: #0c220f;\">Datos extra\u00eddos de la Biblioteca de Consulta Microsoft\u00ae Encarta\u00ae 2003. \u00a9 1993-2002 Microsoft Corporation.<\/span><\/p>\n<h2><span style=\"color: #0c220f;\">Historia<\/span><\/h2>\n<p><span style=\"color: #0c220f;\">El Instituto Superior de Profesorado N\u00b0 19 fue creado en el a\u00f1o 1986. Funcionaba entonces compartiendo las instalaciones de la Escuela de Educaci\u00f3n T\u00e9cnica N\u00ba 286. Desde su comienzo ofreci\u00f3 carreras t\u00e9cnicas y docentes de Nivel Superior no Universitario. Entre sus alumnos se encontraban j\u00f3venes de Rufino y las localidades adyacentes. Esta sigue siendo una constante, ya que nuestra ciudad se ubica estrat\u00e9gicamente en un punto tripartito, entre Santa Fe, Buenos Aires y C\u00f3rdoba.<\/span> <span style=\"color: #0c220f;\">En 1996 se traslad\u00f3 a su domicilio actual en la esquina entre la Av. Presidente Per\u00f3n y Chacabuco, compartiendo el edificio con la Escuela N\u00ba 6031 de Jornada Completa y la actual EESO N\u00ba 271.<\/span><\/p>\n<p><span style=\"color: #0c220f;\">Una de sus caracter\u00edsticas es la oferta de carreras c\u00edclicas, para aumentar el abanico de posibilidades para los estudiantes sin saturar el mercado laboral. De este modo cada a\u00f1o se ofrece una de las tres tecnicaturas y dos o tres profesorados de educaci\u00f3n secundaria.\u00a0 El Profesorado de Educaci\u00f3n Primaria se abre todos los a\u00f1os.<\/span> <span style=\"color: #0c220f;\">Es una instituci\u00f3n joven, pero con fuerte trayectoria, caracterizada por su respuesta permanente a demandas, intereses y necesidades de estudios superiores, capacitaci\u00f3n de docentes y participaci\u00f3n en actividades culturales de la localidad y regi\u00f3n.<\/span> <span style=\"color: #0c220f;\">Cumple una importante funci\u00f3n en cuanto ofrece la oportunidad de estudio a j\u00f3venes del interior imposibilitados de concurrir a los grandes centros urbanos.<\/span><\/p>\n","protected":false},"excerpt":{"rendered":"<p>Instituto Superior de Profesorado N\u00ba19\u00abRaquel Cane\u00bb Consulte las novedades en el Blog Este Instituto Superior de Formaci\u00f3n Docente forma parte del sistema de educaci\u00f3n p\u00fablica de gesti\u00f3n estatal. A trav\u00e9s de este sitio en Internet, nuestro Instituto podr\u00e1 comunicar novedades, acercar informaci\u00f3n, compartir experiencias y brindar apoyo y asesoramiento a\u00a0alumnos, docentes e interesados en formar &#8230; <a title=\"Inicio\" class=\"read-more\" href=\"https:\/\/isp19-sfe.infd.edu.ar\/sitio\/\" aria-label=\"More on Inicio\">[+]<\/a><\/p>\n","protected":false},"author":1,"featured_media":0,"parent":0,"menu_order":0,"comment_status":"closed","ping_status":"closed","template":"","meta":[],"acf":[],"_links":{"self":[{"href":"https:\/\/isp19-sfe.infd.edu.ar\/sitio\/wp-json\/wp\/v2\/pages\/286"}],"collection":[{"href":"https:\/\/isp19-sfe.infd.edu.ar\/sitio\/wp-json\/wp\/v2\/pages"}],"about":[{"href":"https:\/\/isp19-sfe.infd.edu.ar\/sitio\/wp-json\/wp\/v2\/types\/page"}],"author":[{"embeddable":true,"href":"https:\/\/isp19-sfe.infd.edu.ar\/sitio\/wp-json\/wp\/v2\/users\/1"}],"replies":[{"embeddable":true,"href":"https:\/\/isp19-sfe.infd.edu.ar\/sitio\/wp-json\/wp\/v2\/comments?post=286"}],"version-history":[{"count":169,"href":"https:\/\/isp19-sfe.infd.edu.ar\/sitio\/wp-json\/wp\/v2\/pages\/286\/revisions"}],"predecessor-version":[{"id":2080,"href":"https:\/\/isp19-sfe.infd.edu.ar\/sitio\/wp-json\/wp\/v2\/pages\/286\/revisions\/2080"}],"wp:attachment":[{"href":"https:\/\/isp19-sfe.infd.edu.ar\/sitio\/wp-json\/wp\/v2\/media?parent=286"}],"curies":[{"name":"wp","href":"https:\/\/api.w.org\/{rel}","templated":true}]}}