{"id":1946,"date":"2023-06-16T09:36:03","date_gmt":"2023-06-16T12:36:03","guid":{"rendered":"https:\/\/isp19-sfe.infd.edu.ar\/sitio\/?page_id=1946"},"modified":"2023-06-21T20:25:38","modified_gmt":"2023-06-21T23:25:38","slug":"mesas-de-examenes-2","status":"publish","type":"page","link":"https:\/\/isp19-sfe.infd.edu.ar\/sitio\/mesas-de-examenes-2\/","title":{"rendered":"Mesas de ex\u00e1menes"},"content":{"rendered":"\n<p><strong>Periodo de inscripci\u00f3n: <\/strong>Los pedidos de examen se solicitan en Secretar\u00eda desde el 12 al 23 de junio.<\/p>\n\n\n\n<p><strong>Periodo para rendir ex\u00e1menes<\/strong>: del 31\/07\/2023 al 12\/08\/2023.<\/p>\n\n\n\n<div style=\"height:36px\" aria-hidden=\"true\" class=\"wp-block-spacer\"><\/div>\n\n\n\n<p>Para ver las fechas de ex\u00e1menes abrir el link de la carrera.<\/p>\n\n\n\n<div style=\"height:62px\" aria-hidden=\"true\" class=\"wp-block-spacer\"><\/div>\n\n\n\n<div class=\"wp-block-file\"><a id=\"wp-block-file--media-441b4a0a-13d2-4c21-86da-0d0bde0d404f\" href=\"https:\/\/isp19-sfe.infd.edu.ar\/sitio\/wp-content\/uploads\/2023\/06\/Mesa-de-examen-julio-agosto.-Tec.-Agronegocios.pdf\">Mesa-de-examen-julio-agosto.-Tec.-Agronegocios<\/a><a href=\"https:\/\/isp19-sfe.infd.edu.ar\/sitio\/wp-content\/uploads\/2023\/06\/Mesa-de-examen-julio-agosto.-Tec.-Agronegocios.pdf\" class=\"wp-block-file__button wp-element-button\" download aria-describedby=\"wp-block-file--media-441b4a0a-13d2-4c21-86da-0d0bde0d404f\">Descarga<\/a><\/div>\n\n\n\n<div class=\"wp-block-file\"><a id=\"wp-block-file--media-1c970b1a-e16a-4427-90cf-f78b3478ec90\" href=\"https:\/\/isp19-sfe.infd.edu.ar\/sitio\/wp-content\/uploads\/2023\/06\/Mesa-de-examen-julio-agosto.-Tec.-Alimentos.pdf\">Mesa-de-examen-julio-agosto.-Tec.-Alimentos<\/a><a href=\"https:\/\/isp19-sfe.infd.edu.ar\/sitio\/wp-content\/uploads\/2023\/06\/Mesa-de-examen-julio-agosto.-Tec.-Alimentos.pdf\" class=\"wp-block-file__button wp-element-button\" download aria-describedby=\"wp-block-file--media-1c970b1a-e16a-4427-90cf-f78b3478ec90\">Descarga<\/a><\/div>\n\n\n\n<div class=\"wp-block-file\"><a id=\"wp-block-file--media-a8bce82e-b2c0-449e-a1af-fc226b2fb3d2\" href=\"https:\/\/isp19-sfe.infd.edu.ar\/sitio\/wp-content\/uploads\/2023\/06\/Mesa-de-examen-julio-agosto.-Tec.-Higiene-y-Seguridad.pdf\">Mesa-de-examen-julio-agosto.-Tec.-Higiene-y-Seguridad<\/a><a href=\"https:\/\/isp19-sfe.infd.edu.ar\/sitio\/wp-content\/uploads\/2023\/06\/Mesa-de-examen-julio-agosto.-Tec.-Higiene-y-Seguridad.pdf\" class=\"wp-block-file__button wp-element-button\" download aria-describedby=\"wp-block-file--media-a8bce82e-b2c0-449e-a1af-fc226b2fb3d2\">Descarga<\/a><\/div>\n\n\n\n<div class=\"wp-block-file\"><a id=\"wp-block-file--media-2158d683-f1c4-497b-bd26-d76680e097d0\" href=\"https:\/\/isp19-sfe.infd.edu.ar\/sitio\/wp-content\/uploads\/2023\/06\/Mesa-de-examen-julio-agosto.-Prof.-Biologia.pdf\">Mesa-de-examen-julio-agosto.-Prof.-Biologia<\/a><a href=\"https:\/\/isp19-sfe.infd.edu.ar\/sitio\/wp-content\/uploads\/2023\/06\/Mesa-de-examen-julio-agosto.-Prof.-Biologia.pdf\" class=\"wp-block-file__button wp-element-button\" download aria-describedby=\"wp-block-file--media-2158d683-f1c4-497b-bd26-d76680e097d0\">Descarga<\/a><\/div>\n\n\n\n<div class=\"wp-block-file\"><a id=\"wp-block-file--media-9cc232a6-ebf0-4ba8-bb72-78d4738da883\" href=\"https:\/\/isp19-sfe.infd.edu.ar\/sitio\/wp-content\/uploads\/2023\/06\/Mesa-de-examen-julio-agosto.-Prof.-Historia.pdf\">Mesa-de-examen-julio-agosto.-Prof.-Historia<\/a><a href=\"https:\/\/isp19-sfe.infd.edu.ar\/sitio\/wp-content\/uploads\/2023\/06\/Mesa-de-examen-julio-agosto.-Prof.-Historia.pdf\" class=\"wp-block-file__button wp-element-button\" download aria-describedby=\"wp-block-file--media-9cc232a6-ebf0-4ba8-bb72-78d4738da883\">Descarga<\/a><\/div>\n\n\n\n<div class=\"wp-block-file\"><a id=\"wp-block-file--media-2ab49f6d-ca05-441c-bb81-a5811a81e8a2\" href=\"https:\/\/isp19-sfe.infd.edu.ar\/sitio\/wp-content\/uploads\/2023\/06\/Mesa-de-examen-julio-agosto.-Prof.-Lengua.pdf\">Mesa-de-examen-julio-agosto.-Prof.-Lengua<\/a><a href=\"https:\/\/isp19-sfe.infd.edu.ar\/sitio\/wp-content\/uploads\/2023\/06\/Mesa-de-examen-julio-agosto.-Prof.-Lengua.pdf\" class=\"wp-block-file__button wp-element-button\" download aria-describedby=\"wp-block-file--media-2ab49f6d-ca05-441c-bb81-a5811a81e8a2\">Descarga<\/a><\/div>\n\n\n\n<div class=\"wp-block-file\"><a id=\"wp-block-file--media-665bda15-7863-4b6b-b6c0-f6fdcbc8c880\" href=\"https:\/\/isp19-sfe.infd.edu.ar\/sitio\/wp-content\/uploads\/2023\/06\/Mesa-de-examen-julio-agosto.-Prof.-Matematica.pdf\">Mesa-de-examen-julio-agosto.-Prof.-Matematica<\/a><a href=\"https:\/\/isp19-sfe.infd.edu.ar\/sitio\/wp-content\/uploads\/2023\/06\/Mesa-de-examen-julio-agosto.-Prof.-Matematica.pdf\" class=\"wp-block-file__button wp-element-button\" download aria-describedby=\"wp-block-file--media-665bda15-7863-4b6b-b6c0-f6fdcbc8c880\">Descarga<\/a><\/div>\n\n\n\n<div class=\"wp-block-file\"><a id=\"wp-block-file--media-0f3d97a0-6a36-4100-83c8-85c80cbcd8fd\" href=\"https:\/\/isp19-sfe.infd.edu.ar\/sitio\/wp-content\/uploads\/2023\/06\/Mesa-de-examen-julio-agosto.-Prof.-Primaria.pdf\">Mesa-de-examen-julio-agosto.-Prof.-Primaria<\/a><a href=\"https:\/\/isp19-sfe.infd.edu.ar\/sitio\/wp-content\/uploads\/2023\/06\/Mesa-de-examen-julio-agosto.-Prof.-Primaria.pdf\" class=\"wp-block-file__button wp-element-button\" download aria-describedby=\"wp-block-file--media-0f3d97a0-6a36-4100-83c8-85c80cbcd8fd\">Descarga<\/a><\/div>\n","protected":false},"excerpt":{"rendered":"<p>Periodo de inscripci\u00f3n: Los pedidos de examen se solicitan en Secretar\u00eda desde el 12 al 23 de junio. Periodo para rendir ex\u00e1menes: del 31\/07\/2023 al 12\/08\/2023. Para ver las fechas de ex\u00e1menes abrir el link de la carrera.<\/p>\n","protected":false},"author":321,"featured_media":0,"parent":0,"menu_order":0,"comment_status":"closed","ping_status":"closed","template":"","meta":[],"acf":[],"_links":{"self":[{"href":"https:\/\/isp19-sfe.infd.edu.ar\/sitio\/wp-json\/wp\/v2\/pages\/1946"}],"collection":[{"href":"https:\/\/isp19-sfe.infd.edu.ar\/sitio\/wp-json\/wp\/v2\/pages"}],"about":[{"href":"https:\/\/isp19-sfe.infd.edu.ar\/sitio\/wp-json\/wp\/v2\/types\/page"}],"author":[{"embeddable":true,"href":"https:\/\/isp19-sfe.infd.edu.ar\/sitio\/wp-json\/wp\/v2\/users\/321"}],"replies":[{"embeddable":true,"href":"https:\/\/isp19-sfe.infd.edu.ar\/sitio\/wp-json\/wp\/v2\/comments?post=1946"}],"version-history":[{"count":4,"href":"https:\/\/isp19-sfe.infd.edu.ar\/sitio\/wp-json\/wp\/v2\/pages\/1946\/revisions"}],"predecessor-version":[{"id":1962,"href":"https:\/\/isp19-sfe.infd.edu.ar\/sitio\/wp-json\/wp\/v2\/pages\/1946\/revisions\/1962"}],"wp:attachment":[{"href":"https:\/\/isp19-sfe.infd.edu.ar\/sitio\/wp-json\/wp\/v2\/media?parent=1946"}],"curies":[{"name":"wp","href":"https:\/\/api.w.org\/{rel}","templated":true}]}}