{"id":1274,"date":"2023-01-31T23:59:00","date_gmt":"2023-02-01T02:59:00","guid":{"rendered":"https:\/\/isp19-sfe.infd.edu.ar\/sitio\/?page_id=1274"},"modified":"2022-12-29T12:10:38","modified_gmt":"2022-12-29T15:10:38","slug":"mesas-de-examenes","status":"publish","type":"page","link":"https:\/\/isp19-sfe.infd.edu.ar\/sitio\/mesas-de-examenes\/","title":{"rendered":"Mesas de ex\u00e1menes"},"content":{"rendered":"<h2>1\u00ba Turno (febrero-marzo 2023)<\/h2>\n<p><a name=\"principio\"><\/a><br \/>\n<strong>Periodo de inscripci\u00f3n:<\/strong> Desde el 1\u00ba al 10 de febrero de 2023.<\/p>\n<p><strong>Validez de los permisos de ex\u00e1menes<\/strong>: El permiso de examen completado por este medio sirve para rendir examen en el turno de febrero &#8211; marzo 2023 (dos llamados).<\/p>\n<p><strong>\u00bfCu\u00e1ntos permisos se puede pedir? <\/strong>Solo es posible completar <strong>un permiso<\/strong> de examen. Por eso es importante verificar, antes de enviar el formulario, que se hayan anotado TODAS LAS MATERIAS que va a rendir, ya sea del a\u00f1o que cursa o las que adeuda de a\u00f1os anteriores. Una vez que se mand\u00f3 el permiso de examen no se puede modificar.<\/p>\n<p><strong>Modo de inscripci\u00f3n:<\/strong> Para rendir examen los alumnos deben realizar una <strong>inscripci\u00f3n online<\/strong> completando el <a href=\"#formularios\">formulario de inscripci\u00f3n<\/a> correspondiente a la carrera, que aparece m\u00e1s abajo. Anot\u00e1ndose en <strong>todas<\/strong> las materias que va a presentarse.<\/p>\n<p>Luego debe tomar nota de las fechas en que deber\u00e1 presentarse, las cuales est\u00e1n publicadas m\u00e1s abajo. El alumno es responsable de informarse cu\u00e1ndo debe rendir.<\/p>\n<h2>Fechas de ex\u00e1menes por carrera<\/h2>\n<h4>Desde el 22 de febrero al 17 de marzo de 2023<\/h4>\n<p>Haga clic en el enlace de la carrera para abrir el archivo con las fechas de ex\u00e1menes (est\u00e1 en formato pdf). Una vez abierto, podr\u00e1 imprimirlo o descargarlo con el bot\u00f3n correspondiente o haciendo clic derecho con el mouse.<\/p>\n<p><a href=\"https:\/\/isp19-sfe.infd.edu.ar\/sitio\/wp-content\/uploads\/2022\/12\/EXAMENES-AGRONEGOCIOS-FEB-MARZO-2023.pdf\">EX\u00c1MENES AGRONEGOCIOS FEB &#8211; MARZO 2023<\/a><\/p>\n<p><a href=\"https:\/\/isp19-sfe.infd.edu.ar\/sitio\/wp-content\/uploads\/2022\/12\/EXAMENES-ALIMENTOS-FEB-MARZO-2023.pdf\">EX\u00c1MENES ALIMENTOS FEB &#8211; MARZO 2023<\/a><\/p>\n<p><a href=\"https:\/\/isp19-sfe.infd.edu.ar\/sitio\/wp-content\/uploads\/2022\/12\/EXAMENES-HIGIENE-Y-SEGURIDAD-FEB-MARZO-2023.pdf\">EX\u00c1MENES HIGIENE Y SEGURIDAD FEB- MARZO 2023<\/a><\/p>\n<p><a href=\"https:\/\/isp19-sfe.infd.edu.ar\/sitio\/wp-content\/uploads\/2022\/12\/EXAMENES-BIOLOGIA-FEB-MARZO-2023.pdf\">EX\u00c1MENES BIOLOG\u00cdA FEB- MARZO 2023<\/a><\/p>\n<p><a href=\"https:\/\/isp19-sfe.infd.edu.ar\/sitio\/wp-content\/uploads\/2022\/12\/EXAMENES-HISTORIA-FEB-MARZO-2023.pdf\">EX\u00c1MENES HISTORIA FEB &#8211; MARZO 2023<\/a><\/p>\n<p><a href=\"https:\/\/isp19-sfe.infd.edu.ar\/sitio\/wp-content\/uploads\/2022\/12\/EXAMENES-LENGUA-Y-LIT-FEB-MARZO-2023.pdf\">EX\u00c1MENES LENGUA Y LIT FEB &#8211; MARZO 2023<\/a><\/p>\n<p><a href=\"https:\/\/isp19-sfe.infd.edu.ar\/sitio\/wp-content\/uploads\/2022\/12\/EXAMENES-MATEMATICA-FEB-MARZO.pdf\">EX\u00c1MENES MATEM\u00c1TICA FEB-MARZO<\/a><\/p>\n<p><a href=\"https:\/\/isp19-sfe.infd.edu.ar\/sitio\/wp-content\/uploads\/2022\/12\/EXAMENES-PRIMARIA-FEBR-MARZO-2023.pdf\">EXAMENES PRIMARIA FEBR &#8211; MARZO 2023<\/a><\/p>\n<p>Al momento de presentarse a rendir tengan en cuenta las correlatividades (qu\u00e9 espacios curriculares se tienen que tener aprobados y regularizados para poder rendir).<\/p>\n<p><a href=\"#principio\">Volver arriba<\/a><\/p>\n<h2><a name=\"formularios\"><\/a><br \/>\nFormularios de inscripci\u00f3n por carrera<\/h2>\n<p>Haga clic en el enlace correspondiente para completar el formulario online.<\/p>\n<p>Cuando complete los datos no olvide <strong>continuar hasta la \u00faltima hoja<\/strong>, aunque no tenga que anotarse en m\u00e1s materias y enviar los datos.<\/p>\n<p>Recibir\u00e1 una copia del formulario en el correo que indique, la cual le servir\u00e1 como <strong>comprobante<\/strong> para rendir el examen.<\/p>\n<p><a href=\"https:\/\/forms.gle\/r7eBdQaAT35SV9Vo6\" target=\"_blank\" rel=\"noopener\">Inscripci\u00f3n Examen Prof. Biolog\u00eda<\/a><\/p>\n<p><a href=\"https:\/\/forms.gle\/nFu4f1vLSQNUq6BL8\" target=\"_blank\" rel=\"noopener\">Inscripci\u00f3n Examen Prof. Historia (Plan 696\/2001)<\/a><\/p>\n<p><a href=\"https:\/\/forms.gle\/r1HaUC3LGSzyRQoz6\" target=\"_blank\" rel=\"noopener\">Inscripci\u00f3n Examen Prof. Historia (Plan 1968\/17)<\/a><\/p>\n<p><a href=\"https:\/\/forms.gle\/NTB4J1aVVwhqgbe68\" target=\"_blank\" rel=\"noopener\">Inscripci\u00f3n Examen Prof. Lengua y Literatura (Plan 696\/2001)<\/a><\/p>\n<p><a href=\"https:\/\/forms.gle\/xS7ySJQsHH1t1Va67\" target=\"_blank\" rel=\"noopener\">Inscripci\u00f3n Examen Prof. Lengua y Literatura (Plan 514\/2017)<\/a><\/p>\n<p><a href=\"https:\/\/forms.gle\/4dAtt15MmFn5UL4k8\" target=\"_blank\" rel=\"noopener\">Inscripci\u00f3n Examen Prof. Matem\u00e1tica<\/a><\/p>\n<p><a href=\"https:\/\/forms.gle\/LL74rMig2zMqrqnt5\" target=\"_blank\" rel=\"noopener\">Inscripci\u00f3n Examen Prof. Primaria<\/a><\/p>\n<p><a href=\"https:\/\/forms.gle\/AV2SjyZwbxVMqb3D8\" target=\"_blank\" rel=\"noopener\">Inscripci\u00f3n Examen T\u00e9c. Agronegocios<\/a><\/p>\n<p><a href=\"https:\/\/forms.gle\/E3x7RmJfteJNQdXt8\" target=\"_blank\" rel=\"noopener\">Inscripci\u00f3n Examen T\u00e9c. Alimentos<\/a><\/p>\n<p><a href=\"https:\/\/forms.gle\/1tHJpg1t8Lg8KsLn8\" target=\"_blank\" rel=\"noopener\">Inscripci\u00f3n Examen T\u00e9c. Higiene y Seguridad en el Trabajo<\/a><\/p>\n<p>Tenga en cuenta que completar el formulario equivale a solicitar el <strong>Permiso de Examen<\/strong> que se ped\u00eda anteriormente en Secretar\u00eda.<\/p>\n<p><a href=\"#principio\">Volver arriba<\/a><\/p>\n","protected":false},"excerpt":{"rendered":"<p>1\u00ba Turno (febrero-marzo 2023) Periodo de inscripci\u00f3n: Desde el 1\u00ba al 10 de febrero de 2023. Validez de los permisos de ex\u00e1menes: El permiso de examen completado por este medio sirve para rendir examen en el turno de febrero &#8211; marzo 2023 (dos llamados). \u00bfCu\u00e1ntos permisos se puede pedir? Solo es posible completar un permiso &#8230; <a title=\"Mesas de ex\u00e1menes\" class=\"read-more\" href=\"https:\/\/isp19-sfe.infd.edu.ar\/sitio\/mesas-de-examenes\/\" aria-label=\"More on Mesas de ex\u00e1menes\">[+]<\/a><\/p>\n","protected":false},"author":321,"featured_media":0,"parent":0,"menu_order":0,"comment_status":"closed","ping_status":"closed","template":"","meta":[],"acf":[],"_links":{"self":[{"href":"https:\/\/isp19-sfe.infd.edu.ar\/sitio\/wp-json\/wp\/v2\/pages\/1274"}],"collection":[{"href":"https:\/\/isp19-sfe.infd.edu.ar\/sitio\/wp-json\/wp\/v2\/pages"}],"about":[{"href":"https:\/\/isp19-sfe.infd.edu.ar\/sitio\/wp-json\/wp\/v2\/types\/page"}],"author":[{"embeddable":true,"href":"https:\/\/isp19-sfe.infd.edu.ar\/sitio\/wp-json\/wp\/v2\/users\/321"}],"replies":[{"embeddable":true,"href":"https:\/\/isp19-sfe.infd.edu.ar\/sitio\/wp-json\/wp\/v2\/comments?post=1274"}],"version-history":[{"count":42,"href":"https:\/\/isp19-sfe.infd.edu.ar\/sitio\/wp-json\/wp\/v2\/pages\/1274\/revisions"}],"predecessor-version":[{"id":1941,"href":"https:\/\/isp19-sfe.infd.edu.ar\/sitio\/wp-json\/wp\/v2\/pages\/1274\/revisions\/1941"}],"wp:attachment":[{"href":"https:\/\/isp19-sfe.infd.edu.ar\/sitio\/wp-json\/wp\/v2\/media?parent=1274"}],"curies":[{"name":"wp","href":"https:\/\/api.w.org\/{rel}","templated":true}]}}